{"id":839,"date":"2015-01-24T12:36:52","date_gmt":"2015-01-24T10:36:52","guid":{"rendered":"http:\/\/citrons.proth.net\/?page_id=839"},"modified":"2015-01-24T12:36:52","modified_gmt":"2015-01-24T10:36:52","slug":"cuves-de-sassenage","status":"publish","type":"page","link":"https:\/\/citrons.proth.net\/?page_id=839","title":{"rendered":"Cuves de Sassenage"},"content":{"rendered":"<p>Petit rappel :<br \/>\nLe badge d&rsquo;entr\u00e9e est \u00e0 r\u00e9cup\u00e9rer \u00e0 l&rsquo;office du tourisme du mardi au samedi de 10h30 \u00e0 12h15 et de 14h \u00e0 16h. Chaque groupe qui utilisera le badge devra imp\u00e9rativement pr\u00e9venir de sa venue 48h ouvr\u00e9es \u00e0 l\u2019avance par mail \u00e0 grottes@sassenage.fr et office.tourisme@sassenage.fr, et attendre une confirmation de r\u00e9ception du mail avant chaque sortie.<\/p>\n<p>Pratique de la sp\u00e9l\u00e9ologie. La pratique de la sp\u00e9l\u00e9ologie doit se faire dans le respect des r\u00e8gles de s\u00e9curit\u00e9 inh\u00e9rente \u00e0 cette activit\u00e9. En outre, toute pratique de la sp\u00e9l\u00e9ologie isol\u00e9e est interdite sur l\u2019ensemble des terrains mis \u00e0 disposition. Compte tenu du caract\u00e8re \u00ab actif \u00bb du r\u00e9seau hydrog\u00e9ologique, et afin d\u2019\u00e9viter tout incident, il est de la responsabilit\u00e9 des pratiquants de s\u2019informer des conditions m\u00e9t\u00e9orologiques de l\u2019agglom\u00e9ration grenobloise ainsi que du Vercors. Ces sorties sont tenues de respecter les pr\u00e9conisations f\u00e9d\u00e9rales en mati\u00e8re d\u2019\u00e9quipement de cavit\u00e9s et d\u2019encadrement.<br \/>\nLa visite guid\u00e9e de la Grotte touristique. L&rsquo;exploitation commerciale de la cavit\u00e9 dans sa partie visite guid\u00e9e touristique est r\u00e9serv\u00e9e exclusivement \u00e0 la Commune de Sassenage. Les membres des associations de sp\u00e9l\u00e9ologie et les guides professionnels ne feront qu&#8217;emprunter le parcours touristique pour acc\u00e9der \u00e0 la partie non am\u00e9nag\u00e9e de la cavit\u00e9.<br \/>\nLe parcours ludo-sportif et ses agr\u00e8s, propri\u00e9t\u00e9 de la Commune. La partie du site naturel des Cuves occup\u00e9e par l\u2019activit\u00e9 am\u00e9nag\u00e9e d\u2019agr\u00e8s, s\u2019\u00e9tend de la salle Saint Bruno \u00e0 la salle \u00e0 manger, et comprend le secteur fossile de la grande galerie, la salle du grand \u00e9boulis, le secteur des deux s\u0153urs et de la cascade Casteret. L\u2019occupation de cette partie des Cuves est privative et exclusive. Un droit de passage est laiss\u00e9 aux sp\u00e9l\u00e9ologues dans la mesure o\u00f9 ils n\u2019utilisent pas les agr\u00e8s et mains courantes, sauf celles situ\u00e9es au-dessus de la rivi\u00e8re entre la \u00ab salle \u00e0 manger \u00bb et la \u00ab grande galerie \u00bb.<br \/>\nLe camping et les feux de campagne en ext\u00e9rieur. Ils sont interdits sur les terrains mis \u00e0 disposition.<br \/>\nLe rep\u00e9rage de cavit\u00e9s nouvelles. Il devra se limiter \u00e0 une recherche qui ne n\u00e9cessite pas de moyens sp\u00e9cialis\u00e9s (compresseurs explosifs), et garantir la p\u00e9rennit\u00e9 du site et de sa partie am\u00e9nag\u00e9e, sauf autorisation exceptionnelle accord\u00e9e par la commune propri\u00e9taire.<br \/>\nPlong\u00e9e souterraine. Toute pratique de la plong\u00e9e souterraine ne se fera qu\u2019apr\u00e8s autorisation accord\u00e9e par la commune propri\u00e9taire, et dans le respect des r\u00e8gles de s\u00e9curit\u00e9 de la discipline. Conform\u00e9ment aux r\u00e8gles de pratique, la plong\u00e9e en solitaire ne sera en aucun cas autoris\u00e9e dans la grotte les Cuves de Sassenage. Ces sorties respecteront les pr\u00e9conisations f\u00e9d\u00e9rales en mati\u00e8re d\u2019\u00e9quipement de cavit\u00e9s et d\u2019encadrement.<br \/>\nEtudes et actions. Destin\u00e9es \u00e0 compl\u00e9ter les connaissances g\u00e9n\u00e9rales sur ce r\u00e9seau souterrain et \u00e0 le prot\u00e9ger, les \u00e9tudes et actions pourront \u00eatre men\u00e9es pour une mise en place d&rsquo;itin\u00e9raires souterrains, si n\u00e9cessaire pour rationaliser les d\u00e9placements, pour prot\u00e9ger l&rsquo;environnement min\u00e9ral ou animal, pour la r\u00e9alisation de topographies ou d\u2019\u00e9tudes hydrologiques. Concernant les activit\u00e9s li\u00e9es \u00e0 l&rsquo;exploration et \u00e0 la d\u00e9couverte, la Commune de Sassenage demande \u00e0 tous les op\u00e9rateurs travaillant sur l\u2019ensemble des terrains mis \u00e0 disposition, de l&rsquo;informer sur l&rsquo;\u00e9volution de leurs recherches. Les \u00e9ventuelles publications concernant la d\u00e9couverte et l&rsquo;exploration de la cavit\u00e9 seront communiqu\u00e9es \u00e0 la commune propri\u00e9taire.<br \/>\nP\u00e9riode autoris\u00e9e d\u2019acc\u00e8s. Les activit\u00e9s li\u00e9es \u00e0 la pratique de la sp\u00e9l\u00e9ologie pourront se pratiquer en toute saison de jour comme de nuit. La Commune de Sassenage se laisse le droit de condamner l\u2019acc\u00e8s quelle qu\u2019en soit la raison.<br \/>\nUtilisation du parking du pr\u00e9 des Cuves et acc\u00e8s pi\u00e9tonnier. Le parking ne doit pas \u00eatre utilis\u00e9 pendant les horaires d&rsquo;ouverture des Cuves pour privil\u00e9gier le stationnement de la client\u00e8le des grottes.<br \/>\nUsage conjoint des terrains. La Commune de Sassenage exploite commercialement une partie de la cavit\u00e9.<br \/>\nLes sp\u00e9l\u00e9ologues peuvent acc\u00e9der librement et \u00e0 tout moment aux cavit\u00e9s, sous r\u00e9serve de ne pas en compromettre l&rsquo;utilisation (pas de d\u00e9chaulage dans la cavit\u00e9, pas de lampe ac\u00e9tyl\u00e8ne dans la partie touristique&#8230;).<br \/>\nLa travers\u00e9e de la partie am\u00e9nag\u00e9e pour la visite guid\u00e9e touristique est consentie aux sp\u00e9l\u00e9ologues. Elle se fera de pr\u00e9f\u00e9rence en d\u00e9calage des horaires de visites et en faisant attention \u00e0 ne pas salir et ne pas d\u00e9grader les \u00e9quipements en place (rampes). En cas de fr\u00e9quentation pendant une visite guid\u00e9e, les modalit\u00e9s suivantes devront \u00eatre respect\u00e9es :<br \/>\n\u2022 Priorit\u00e9 est donn\u00e9e aux touristes lorsque ceux-ci croiseront les sp\u00e9l\u00e9ologues dans la partie touristique.<br \/>\n\u2022 N\u00e9cessit\u00e9 de ne pas perturber le spectacle son et lumi\u00e8re se d\u00e9roulant dans la salle Saint-Bruno (\u00e9teindre les lampes, ne pas faire de bruit&#8230;).<br \/>\nLes sp\u00e9l\u00e9ologues fr\u00e9quentant le site ont \u00e9galement obligation de remplir la fiche d&rsquo;entr\u00e9e et de sortie de visite situ\u00e9e \u00e0 l\u2019entr\u00e9e de la partie touristique (apr\u00e8s les deux marmites ouvrir la chaine, fiche d\u2019inscription sur la droite dans la caisse).<br \/>\nPorte d\u2019acc\u00e8s \u00e9lectronique. Sur la porte d&rsquo;acc\u00e8s au site, une fermeture contr\u00f4l\u00e9e par un badge \u00e9lectronique de type Salto a \u00e9t\u00e9 mise en place \u00e0 l\u2019entr\u00e9e de la grotte Les Cuves de Sassenage. Le verrou \u00e9lectronique est destin\u00e9 \u00e0 garantir la pr\u00e9servation du patrimoine naturel min\u00e9ral et animal, et la protection de l&rsquo;exploitation touristique par le contr\u00f4le des all\u00e9es et venues dans le r\u00e9seau souterrain.<br \/>\nEn cas de constat de dysfonctionnement du syst\u00e8me d&rsquo;ouverture-fermeture, le signaler dans les plus brefs d\u00e9lais \u00e0 la Commune de Sassenage, aupr\u00e8s de la personne r\u00e9f\u00e9rente des grottes les Cuves de Sassenage et\/ou de l\u2019office de tourisme.<br \/>\nL&rsquo;orifice de la cavit\u00e9 faisant l&rsquo;objet d&rsquo;une fermeture via une porte grillag\u00e9e, le syst\u00e8me d&rsquo;ouverture-fermeture est possible tant de l&rsquo;ext\u00e9rieur que de l&rsquo;int\u00e9rieur, assurant ainsi une s\u00e9curit\u00e9 permanente.<br \/>\nPerte ou vol des badges. L\u2019utilisateur s&rsquo;engage, en cas de vol ou de perte du badge d&rsquo;acc\u00e8s \u00e0 la grotte Les Cuves de Sassenage, de pr\u00e9venir sans d\u00e9lai la Commune de Sassenage, a minima par mail : grottes@sassenage.fr et office.tourisme@sassenage.fr<br \/>\nV\u00e9rification de l\u2019utilisation des badges. La Commune de Sassenage se r\u00e9serve le droit de v\u00e9rifier l&rsquo;utilisation du badge d&rsquo;acc\u00e8s.<br \/>\nModification des \u00e9quipements. Toute modification ou \u00e9quipement alt\u00e9rant visiblement ou durablement l&rsquo;\u00e9tat du site ne pourra se faire qu&rsquo; avec l&rsquo;accord de la Commune de Sassenage et, le cas \u00e9ch\u00e9ant, des autres autorit\u00e9s ayant comp\u00e9tence en mati\u00e8re d&rsquo;am\u00e9nagement et de protection des sites. La Commune dispose d\u2019un droit de visite et de contr\u00f4le sur l\u2019ensemble de son domaine public. En aucune fa\u00e7on la Commune ne pourra \u00eatre d\u00e9clar\u00e9e responsable des \u00e9ventuels vols et d\u00e9gradations caus\u00e9es aux \u00e9quipements existants ou \u00e0 venir mis en place.<\/p>\n<p>Cordialement.<br \/>\nHerv\u00e9 S\u00e9rafin<br \/>\nHerv\u00e9 SERAFIN |\u00a0 hserafin@sassenage.fr<br \/>\nAnimateur touristique<br \/>\nDirection de l&rsquo;information et des relations exterieures<br \/>\nMairie de Sassenage<br \/>\nPlace de la Lib\u00e9ration &#8211; 38360 SASSENAGE<br \/>\nT\u00e9l : 04.76.27.48.63 | Fax : 04.76.53.52.17<\/p>\n","protected":false},"excerpt":{"rendered":"<p>Petit rappel : Le badge d&rsquo;entr\u00e9e est \u00e0 r\u00e9cup\u00e9rer \u00e0 l&rsquo;office du tourisme du mardi au samedi de 10h30 \u00e0 12h15 et de 14h \u00e0 16h. Chaque groupe qui utilisera le badge devra imp\u00e9rativement pr\u00e9venir de sa venue 48h ouvr\u00e9es &hellip; <a href=\"https:\/\/citrons.proth.net\/?page_id=839\">Continuer la lecture <span class=\"meta-nav\">&rarr;<\/span><\/a><\/p>\n","protected":false},"author":1,"featured_media":0,"parent":0,"menu_order":0,"comment_status":"closed","ping_status":"closed","template":"","meta":{"footnotes":""},"class_list":["post-839","page","type-page","status-publish","hentry"],"_links":{"self":[{"href":"https:\/\/citrons.proth.net\/index.php?rest_route=\/wp\/v2\/pages\/839","targetHints":{"allow":["GET"]}}],"collection":[{"href":"https:\/\/citrons.proth.net\/index.php?rest_route=\/wp\/v2\/pages"}],"about":[{"href":"https:\/\/citrons.proth.net\/index.php?rest_route=\/wp\/v2\/types\/page"}],"author":[{"embeddable":true,"href":"https:\/\/citrons.proth.net\/index.php?rest_route=\/wp\/v2\/users\/1"}],"replies":[{"embeddable":true,"href":"https:\/\/citrons.proth.net\/index.php?rest_route=%2Fwp%2Fv2%2Fcomments&post=839"}],"version-history":[{"count":2,"href":"https:\/\/citrons.proth.net\/index.php?rest_route=\/wp\/v2\/pages\/839\/revisions"}],"predecessor-version":[{"id":841,"href":"https:\/\/citrons.proth.net\/index.php?rest_route=\/wp\/v2\/pages\/839\/revisions\/841"}],"wp:attachment":[{"href":"https:\/\/citrons.proth.net\/index.php?rest_route=%2Fwp%2Fv2%2Fmedia&parent=839"}],"curies":[{"name":"wp","href":"https:\/\/api.w.org\/{rel}","templated":true}]}}