{"id":312,"date":"2013-09-02T07:59:34","date_gmt":"2013-09-02T05:59:34","guid":{"rendered":"http:\/\/citrons.proth.net\/?page_id=312"},"modified":"2024-04-11T06:12:01","modified_gmt":"2024-04-11T04:12:01","slug":"liste-de-materiel-individuel","status":"publish","type":"page","link":"https:\/\/citrons.proth.net\/?page_id=312","title":{"rendered":"Mat\u00e9riel individuel"},"content":{"rendered":"<p>Un pense b\u00eate pour ne rien oublier en partant.<\/p>\n<ul>\n<li>Bottes + \u00e9lastiques<\/li>\n<li>Combinaison<\/li>\n<li>Casque<\/li>\n<li>Gants<\/li>\n<li>Genouill\u00e8res<\/li>\n<li>Sous combinaison<\/li>\n<li>Piles + Piles de rechange<\/li>\n<li>Lampe de secours<\/li>\n<li>Couverture de survie<\/li>\n<li>Couteau<\/li>\n<li>Baudrier<\/li>\n<li>1\/2 rond baudrier<\/li>\n<li>Longes + mousquetons<\/li>\n<li>Croll<\/li>\n<li>Descendeur + mousqueton<\/li>\n<li>Mousqueton de portage<\/li>\n<li>Poign\u00e9e + P\u00e9dale<\/li>\n<li>Bloqueur de pied<\/li>\n<li>Baudrier de torse<\/li>\n<li>Cl\u00e9 de 13<\/li>\n<li>EauBidon \u00e9tanche<\/li>\n<\/ul>\n","protected":false},"excerpt":{"rendered":"<p>Un pense b\u00eate pour ne rien oublier en partant. Bottes + \u00e9lastiques Combinaison Casque Gants Genouill\u00e8res Sous combinaison Piles + Piles de rechange Lampe de secours Couverture de survie Couteau Baudrier 1\/2 rond baudrier Longes + mousquetons Croll Descendeur + &hellip; <a href=\"https:\/\/citrons.proth.net\/?page_id=312\">Continuer la lecture <span class=\"meta-nav\">&rarr;<\/span><\/a><\/p>\n","protected":false},"author":1,"featured_media":0,"parent":0,"menu_order":0,"comment_status":"closed","ping_status":"closed","template":"","meta":{"footnotes":""},"class_list":["post-312","page","type-page","status-publish","hentry"],"_links":{"self":[{"href":"https:\/\/citrons.proth.net\/index.php?rest_route=\/wp\/v2\/pages\/312","targetHints":{"allow":["GET"]}}],"collection":[{"href":"https:\/\/citrons.proth.net\/index.php?rest_route=\/wp\/v2\/pages"}],"about":[{"href":"https:\/\/citrons.proth.net\/index.php?rest_route=\/wp\/v2\/types\/page"}],"author":[{"embeddable":true,"href":"https:\/\/citrons.proth.net\/index.php?rest_route=\/wp\/v2\/users\/1"}],"replies":[{"embeddable":true,"href":"https:\/\/citrons.proth.net\/index.php?rest_route=%2Fwp%2Fv2%2Fcomments&post=312"}],"version-history":[{"count":5,"href":"https:\/\/citrons.proth.net\/index.php?rest_route=\/wp\/v2\/pages\/312\/revisions"}],"predecessor-version":[{"id":2514,"href":"https:\/\/citrons.proth.net\/index.php?rest_route=\/wp\/v2\/pages\/312\/revisions\/2514"}],"wp:attachment":[{"href":"https:\/\/citrons.proth.net\/index.php?rest_route=%2Fwp%2Fv2%2Fmedia&parent=312"}],"curies":[{"name":"wp","href":"https:\/\/api.w.org\/{rel}","templated":true}]}}