{"id":2562,"date":"2024-06-02T19:24:03","date_gmt":"2024-06-02T17:24:03","guid":{"rendered":"http:\/\/citrons.proth.net\/?page_id=2562"},"modified":"2024-06-02T19:24:03","modified_gmt":"2024-06-02T17:24:03","slug":"2022-2","status":"publish","type":"page","link":"https:\/\/citrons.proth.net\/?page_id=2562","title":{"rendered":"2022"},"content":{"rendered":"\n<figure class=\"wp-block-table\"><table><tbody><tr><td>Date<\/td><td>Sortie<\/td><td>Part<\/td><td>TPS<\/td><\/tr><tr><td>Janvier<\/td><td><a href=\"http:\/\/citrons.proth.net\/?m=202201\">Gouffre de l&rsquo;aiglon<\/a><\/td><td>Michel, Olivier, Ang\u00e9line, Marl\u00e8ne, Alain, Lionel, Arnaud, Patrice<\/td><td>6h<\/td><\/tr><tr><td>F\u00e9vrier<\/td><td><a href=\"http:\/\/citrons.proth.net\/?m=202202\">Gouffre Berger<\/a><\/td><td><\/td><td><\/td><\/tr><tr><td>Mars<\/td><td><a href=\"http:\/\/citrons.proth.net\/?m=202203\">Le garde forestier<\/a><\/td><td>Patrice, Arnaud, Michel, Ang\u00e9line, Bernard, Arthur, Lionel, R\u00e9my<\/td><td>6h<\/td><\/tr><tr><td>Juin<\/td><td><a href=\"http:\/\/citrons.proth.net\/?m=202206\">Gouffre Berger<\/a><\/td><td>Beaucoup<\/td><td>58h<\/td><\/tr><tr><td>Juillet<\/td><td><a href=\"http:\/\/citrons.proth.net\/?m=202207\">Coumes<\/a><\/td><td>Lionel, Giuseppe, Arnaud et Patrice<\/td><td>37h<\/td><\/tr><tr><td>Nov<\/td><td><a href=\"http:\/\/citrons.proth.net\/?m=202210\">Scialet Vincens<\/a><\/td><td>Lionel, Arthur, Ang\u00e9line, Michel, Arnaud, Alain, Patrice<\/td><td>12h<\/td><\/tr><tr><td>D\u00e9c (?)<\/td><td><a href=\"http:\/\/citrons.proth.net\/?m=202212\">Scialet du Tonnerre<\/a><\/td><td>Arnaud, Michel, Patrice, Alexane, Lionel, Manu<\/td><td>20h<\/td><\/tr><\/tbody><\/table><\/figure>\n","protected":false},"excerpt":{"rendered":"<p>Date Sortie Part TPS Janvier Gouffre de l&rsquo;aiglon Michel, Olivier, Ang\u00e9line, Marl\u00e8ne, Alain, Lionel, Arnaud, Patrice 6h F\u00e9vrier Gouffre Berger Mars Le garde forestier Patrice, Arnaud, Michel, Ang\u00e9line, Bernard, Arthur, Lionel, R\u00e9my 6h Juin Gouffre Berger Beaucoup 58h Juillet Coumes &hellip; <a href=\"https:\/\/citrons.proth.net\/?page_id=2562\">Continuer la lecture <span class=\"meta-nav\">&rarr;<\/span><\/a><\/p>\n","protected":false},"author":4,"featured_media":0,"parent":0,"menu_order":0,"comment_status":"closed","ping_status":"closed","template":"","meta":{"footnotes":""},"class_list":["post-2562","page","type-page","status-publish","hentry"],"_links":{"self":[{"href":"https:\/\/citrons.proth.net\/index.php?rest_route=\/wp\/v2\/pages\/2562","targetHints":{"allow":["GET"]}}],"collection":[{"href":"https:\/\/citrons.proth.net\/index.php?rest_route=\/wp\/v2\/pages"}],"about":[{"href":"https:\/\/citrons.proth.net\/index.php?rest_route=\/wp\/v2\/types\/page"}],"author":[{"embeddable":true,"href":"https:\/\/citrons.proth.net\/index.php?rest_route=\/wp\/v2\/users\/4"}],"replies":[{"embeddable":true,"href":"https:\/\/citrons.proth.net\/index.php?rest_route=%2Fwp%2Fv2%2Fcomments&post=2562"}],"version-history":[{"count":2,"href":"https:\/\/citrons.proth.net\/index.php?rest_route=\/wp\/v2\/pages\/2562\/revisions"}],"predecessor-version":[{"id":2564,"href":"https:\/\/citrons.proth.net\/index.php?rest_route=\/wp\/v2\/pages\/2562\/revisions\/2564"}],"wp:attachment":[{"href":"https:\/\/citrons.proth.net\/index.php?rest_route=%2Fwp%2Fv2%2Fmedia&parent=2562"}],"curies":[{"name":"wp","href":"https:\/\/api.w.org\/{rel}","templated":true}]}}