{"id":2428,"date":"2024-02-15T22:04:51","date_gmt":"2024-02-15T20:04:51","guid":{"rendered":"http:\/\/citrons.proth.net\/?page_id=2428"},"modified":"2024-05-14T00:49:02","modified_gmt":"2024-05-13T22:49:02","slug":"2024-2","status":"publish","type":"page","link":"https:\/\/citrons.proth.net\/?page_id=2428","title":{"rendered":"2024"},"content":{"rendered":"\n<figure class=\"wp-block-table\"><table><tbody><tr><td>Date<\/td><td>Lieu<\/td><td>Participants<\/td><td>TPST<\/td><td class=\"has-text-align-left\" data-align=\"left\">Note<\/td><\/tr><tr><td>10 F\u00e9v.<\/td><td><a href=\"http:\/\/citrons.proth.net\/?p=2373\">Scialet Abel-Rivi\u00e8re d&rsquo;Or<\/a><\/td><td>Marl\u00e8ne, Alain, Alexane, Patrice, Zlato, Ang\u00e9line, Olivier <\/td><td>10h<\/td><td class=\"has-text-align-left\" data-align=\"left\">*****<\/td><\/tr><tr><td>16 Mars<\/td><td><a href=\"http:\/\/citrons.proth.net\/?p=2476\">Le Jean Nouveau<\/a><\/td><td>Arnaud, Michel, Alain, Patrice, Olivier, Alain W, Bernard<\/td><td>12h<\/td><td class=\"has-text-align-left\" data-align=\"left\">++++<\/td><\/tr><tr><td>04 Mai<\/td><td><a href=\"http:\/\/citrons.proth.net\/?p=2516\">http:\/\/citrons.proth.net\/?p=2516<\/a><\/td><td>Lionel, Arnaud, Alain, Michel, Patrice<\/td><td>12h<\/td><td class=\"has-text-align-left\" data-align=\"left\">!!!!<\/td><\/tr><tr><td>25 Mai<\/td><td>A d\u00e9finir<\/td><td><\/td><td><\/td><td class=\"has-text-align-left\" data-align=\"left\"><\/td><\/tr><tr><td>29 Juin<\/td><td>A d\u00e9finir<\/td><td><\/td><td><\/td><td class=\"has-text-align-left\" data-align=\"left\"><\/td><\/tr><\/tbody><\/table><\/figure>\n","protected":false},"excerpt":{"rendered":"<p>Date Lieu Participants TPST Note 10 F\u00e9v. Scialet Abel-Rivi\u00e8re d&rsquo;Or Marl\u00e8ne, Alain, Alexane, Patrice, Zlato, Ang\u00e9line, Olivier 10h ***** 16 Mars Le Jean Nouveau Arnaud, Michel, Alain, Patrice, Olivier, Alain W, Bernard 12h ++++ 04 Mai http:\/\/citrons.proth.net\/?p=2516 Lionel, Arnaud, Alain, &hellip; <a href=\"https:\/\/citrons.proth.net\/?page_id=2428\">Continuer la lecture <span class=\"meta-nav\">&rarr;<\/span><\/a><\/p>\n","protected":false},"author":4,"featured_media":0,"parent":0,"menu_order":0,"comment_status":"closed","ping_status":"closed","template":"","meta":{"footnotes":""},"class_list":["post-2428","page","type-page","status-publish","hentry"],"_links":{"self":[{"href":"https:\/\/citrons.proth.net\/index.php?rest_route=\/wp\/v2\/pages\/2428","targetHints":{"allow":["GET"]}}],"collection":[{"href":"https:\/\/citrons.proth.net\/index.php?rest_route=\/wp\/v2\/pages"}],"about":[{"href":"https:\/\/citrons.proth.net\/index.php?rest_route=\/wp\/v2\/types\/page"}],"author":[{"embeddable":true,"href":"https:\/\/citrons.proth.net\/index.php?rest_route=\/wp\/v2\/users\/4"}],"replies":[{"embeddable":true,"href":"https:\/\/citrons.proth.net\/index.php?rest_route=%2Fwp%2Fv2%2Fcomments&post=2428"}],"version-history":[{"count":9,"href":"https:\/\/citrons.proth.net\/index.php?rest_route=\/wp\/v2\/pages\/2428\/revisions"}],"predecessor-version":[{"id":2522,"href":"https:\/\/citrons.proth.net\/index.php?rest_route=\/wp\/v2\/pages\/2428\/revisions\/2522"}],"wp:attachment":[{"href":"https:\/\/citrons.proth.net\/index.php?rest_route=%2Fwp%2Fv2%2Fmedia&parent=2428"}],"curies":[{"name":"wp","href":"https:\/\/api.w.org\/{rel}","templated":true}]}}