{"id":203,"date":"2013-05-08T19:23:57","date_gmt":"2013-05-08T17:23:57","guid":{"rendered":"http:\/\/citrons.proth.net\/?page_id=203"},"modified":"2024-04-11T06:11:41","modified_gmt":"2024-04-11T04:11:41","slug":"les-cordes","status":"publish","type":"page","link":"https:\/\/citrons.proth.net\/?page_id=203","title":{"rendered":"Cordes"},"content":{"rendered":"<p>&nbsp;<\/p>\n<p align=\"LEFT\">Afin de faciliter la datation d\u2019une corde, les fabricants ont inclus dans l\u2019\u00e2me des<\/p>\n<p align=\"LEFT\">cordes, un fil rep\u00e8re de couleur, diff\u00e9rente chaque ann\u00e9e. Certains fabricants ont<\/p>\n<p align=\"LEFT\">\u00e9galement inclus un ruban plastique int\u00e9gr\u00e9 \u00e0 l\u2019\u00e2me de la corde (\u2018\u2019infodex\u2019\u2019 ou<\/p>\n<p align=\"LEFT\">\u2018\u2019bolduc\u2019\u2019) qui porte tous les m\u00e8tres, l\u2019indication de l\u2019ann\u00e9e ainsi que d\u2019autres<\/p>\n<p align=\"LEFT\">informations (nom du fabricant, num\u00e9ro de l\u2019organisme ayant proc\u00e9d\u00e9 aux tests CE,<\/p>\n<p align=\"LEFT\">etc.). C\u2019est ce dernier proc\u00e9d\u00e9 qui tend \u00e0 se g\u00e9n\u00e9raliser.<\/p>\n<p align=\"LEFT\">Pour les cordes de<\/p>\n<p align=\"LEFT\"><b><span style=\"font-family: Arial-BoldMT;\">fabrication fran\u00e7aise<\/span><\/b><span style=\"font-family: ArialMT;\">, les codes de couleur du fil mill\u00e9sime sont :<\/span><\/p>\n<p align=\"LEFT\">1997=violet, 1998=gris, 1999=rose, 2000=noir, 2001=marron, 2002=rouge,<\/p>\n<p align=\"LEFT\">2003=orange, 2004=jaune, 2005=vert, 2006=bleu, 2007=Violet, 2008=Gris,<\/p>\n<p align=\"LEFT\">2009=Rose.<\/p>\n<p align=\"LEFT\">Les autres fabricants utilisent des codes qui leur sont propres (couleurs, lettres, etc.).<\/p>\n<p align=\"LEFT\">La soci\u00e9t\u00e9 Edelrid<\/p>\n<p align=\"LEFT\"><span style=\"font-family: TimesNewRomanPSMT; font-size: xx-small;\"><span style=\"font-family: TimesNewRomanPSMT; font-size: xx-small;\">\u00ae <\/span><\/span><span style=\"font-family: ArialMT;\">distingue : 1997=orange, 1998=jaune-citron, 1999=bleu(K),<\/span><\/p>\n<p align=\"LEFT\">2000=turquoise(F), 2001=lilas(U), 2002=olive(N), 2003=violet(W), 2004=jaune(D),<\/p>\n<p align=\"LEFT\">2005=vert(Z).<\/p>\n<p align=\"LEFT\">La soci\u00e9t\u00e9 Mammut<\/p>\n<p align=\"LEFT\"><span style=\"font-family: TimesNewRomanPSMT; font-size: xx-small;\"><span style=\"font-family: TimesNewRomanPSMT; font-size: xx-small;\">\u00ae <\/span><\/span><span style=\"font-family: ArialMT;\">n\u2019utilise plus depuis 2001 le \u2018\u2019code de couleur\u2019\u2019 mais se r\u00e9f\u00e8re<\/span><\/p>\n<p align=\"LEFT\">exclusivement au ruban plastique ins\u00e9r\u00e9 dans l\u2019\u00e2me de la corde et sur lequel les<\/p>\n<p align=\"LEFT\">donn\u00e9es de suivi sont imprim\u00e9es. Cette pratique semble se g\u00e9n\u00e9raliser chez la plupart<\/p>\n<p>des grands fabricants.<\/p>\n<p align=\"left\"><span style=\"font-family: Arial;\"><strong><span style=\"color: #008080;\"><small>Le mill\u00e9sime<\/small><\/span><\/strong> <small>Pour connaitre l&rsquo;ann\u00e9e de fabriquation d&rsquo;une corde, il suffit de rep\u00e9rer la couleur du centre de l&rsquo;\u00e2me de la corde (sur la section), attention cette couleur d\u00e9pend du fabriquant :<\/small><\/span><\/p>\n<p align=\"left\"><span style=\"font-family: Arial;\"><small>&#8211; Cordes <em><strong>B\u00e9al<\/strong><\/em> :<\/small><\/span><\/p>\n<div align=\"center\"><center><\/p>\n<table border=\"1\" cellspacing=\"0\">\n<tbody>\n<tr>\n<td align=\"center\" bgcolor=\"#000000\" width=\"50\" height=\"19\"><span style=\"color: #ffffff; font-family: Arial;\"><em><strong><small>Noir<\/small><\/strong><\/em><\/span><\/td>\n<td align=\"center\" bgcolor=\"#804040\" width=\"50\" height=\"19\"><span style=\"color: #ffffff; font-family: Arial;\"><em><strong><small>Marron<\/small><\/strong><\/em><\/span><\/td>\n<td align=\"center\" bgcolor=\"#ff0000\" width=\"50\" height=\"19\"><span style=\"color: #000000; font-family: Arial;\"><em><strong><small>Rouge<\/small><\/strong><\/em><\/span><\/td>\n<td align=\"center\" bgcolor=\"#ff8000\" width=\"50\" height=\"19\"><span style=\"color: #000000; font-family: Arial;\"><em><strong><small>Orange<\/small><\/strong><\/em><\/span><\/td>\n<td align=\"center\" bgcolor=\"#ffff00\" width=\"50\" height=\"19\">\n<p align=\"center\"><span style=\"color: #000000; font-family: Arial;\"><em><strong><small>Jaune<\/small><\/strong><\/em><\/span><\/p>\n<\/td>\n<td align=\"center\" bgcolor=\"#008000\" width=\"50\" height=\"19\"><span style=\"color: #ffffff; font-family: Arial;\"><em><strong><small>Vert<\/small><\/strong><\/em><\/span><\/td>\n<td align=\"center\" bgcolor=\"#0000ff\" width=\"50\" height=\"19\"><span style=\"color: #ffffff; font-family: Arial;\"><em><strong><small>Bleu<\/small><\/strong><\/em><\/span><\/td>\n<td align=\"center\" bgcolor=\"#800080\" width=\"50\" height=\"19\"><span style=\"color: #ffffff; font-family: Arial;\"><em><strong><small>Violet<\/small><\/strong><\/em><\/span><\/td>\n<td align=\"center\" bgcolor=\"#c0c0c0\" width=\"50\" height=\"19\"><span style=\"color: #000000; font-family: Arial;\"><em><strong><small>Gris<\/small><\/strong><\/em><\/span><\/td>\n<td align=\"center\" bgcolor=\"#ffa8d3\" width=\"50\" height=\"19\"><span style=\"color: #000000; font-family: Arial;\"><em><strong><small>Rose<\/small><\/strong><\/em><\/span><\/td>\n<\/tr>\n<tr>\n<td align=\"center\" valign=\"middle\" height=\"10\"><strong><span style=\"font-family: Arial;\"><small>00<\/small><\/span><\/strong><\/td>\n<td align=\"center\" valign=\"middle\" height=\"10\"><strong><span style=\"font-family: Arial;\"><small>01<\/small><\/span><\/strong><\/td>\n<td align=\"center\" valign=\"middle\" height=\"10\"><strong><span style=\"font-family: Arial;\"><small>02<\/small><\/span><\/strong><\/td>\n<td align=\"center\" valign=\"middle\" height=\"10\"><strong><span style=\"font-family: Arial;\"><small>03<\/small><\/span><\/strong><\/td>\n<td align=\"center\" valign=\"middle\" height=\"10\"><strong><span style=\"font-family: Arial;\"><small>04<\/small><\/span><\/strong><\/td>\n<td align=\"center\" valign=\"middle\" height=\"10\"><strong><span style=\"font-family: Arial;\"><small>05<\/small><\/span><\/strong><\/td>\n<td align=\"center\" valign=\"middle\" height=\"10\"><strong><span style=\"font-family: Arial;\"><small>06<\/small><\/span><\/strong><\/td>\n<td align=\"center\" valign=\"middle\" height=\"10\"><strong><span style=\"font-family: Arial;\"><small>07<\/small><\/span><\/strong><\/td>\n<td align=\"center\" valign=\"middle\" height=\"10\"><strong><span style=\"font-family: Arial;\"><small>08<\/small><\/span><\/strong><\/td>\n<td align=\"center\" valign=\"middle\" height=\"10\"><strong><span style=\"font-family: Arial;\"><small>09<\/small><\/span><\/strong><\/td>\n<\/tr>\n<\/tbody>\n<\/table>\n<p>&nbsp;<\/p>\n<p>&nbsp;<\/p>\n<p><\/center><\/div>\n<p align=\"left\"><span style=\"font-family: Arial;\"><small>&#8211; Cordes <em><strong>Edelrid<\/strong><\/em> :<\/small><\/span><\/p>\n<div align=\"center\"><center><\/p>\n<table width=\"540\" border=\"1\" cellspacing=\"0\">\n<tbody>\n<tr>\n<td align=\"center\" valign=\"middle\" bgcolor=\"#800080\" width=\"50\" height=\"10\"><span style=\"color: #ffffff; font-family: Arial;\"><em><strong><small>Violet<\/small><\/strong><\/em><\/span><\/td>\n<td align=\"center\" valign=\"middle\" bgcolor=\"#000000\" width=\"50\" height=\"10\"><span style=\"color: #ffffff; font-family: Arial;\"><em><strong><small>Noir<\/small><\/strong><\/em><\/span><\/td>\n<td align=\"center\" valign=\"middle\" bgcolor=\"#ff80bf\" width=\"50\" height=\"10\"><span style=\"color: #000000; font-family: Arial;\"><em><strong><small>Rose Fluo<\/small><\/strong><\/em><\/span><\/td>\n<td align=\"center\" valign=\"middle\" bgcolor=\"#ff8000\" width=\"50\" height=\"10\"><span style=\"color: #000000; font-family: Arial;\"><em><strong><small>Orange<\/small><\/strong><\/em><\/span><\/td>\n<td align=\"center\" valign=\"middle\" bgcolor=\"#ffff00\" width=\"50\" height=\"10\"><span style=\"color: #000000; font-family: Arial;\"><em><strong><small>Jaune Citron<\/small><\/strong><\/em><\/span><\/td>\n<td align=\"center\" valign=\"middle\" bgcolor=\"#0000ff\" width=\"50\" height=\"10\"><span style=\"color: #ffffff; font-family: Arial;\"><em><strong><small>Bleu<\/small><\/strong><\/em><\/span><\/td>\n<td align=\"center\" valign=\"middle\" bgcolor=\"#40d0e0\" width=\"50\" height=\"10\"><span style=\"color: #000000; font-family: Arial;\"><em><strong><small>Turquoise<\/small><\/strong><\/em><\/span><\/td>\n<td align=\"center\" valign=\"middle\" bgcolor=\"#da70d6\" width=\"50\" height=\"10\"><span style=\"color: #ffffff; font-family: Arial;\"><em><strong><small>Lilas flieder<\/small><\/strong><\/em><\/span><\/td>\n<td align=\"center\" valign=\"middle\" bgcolor=\"#808000\" width=\"50\" height=\"10\"><span style=\"color: #ffffff; font-family: Arial;\"><em><strong><small>Olive<\/small><\/strong><\/em><\/span><\/td>\n<td align=\"center\" valign=\"middle\" bgcolor=\"#800080\" width=\"50\" height=\"10\"><span style=\"color: #ffffff; font-family: Arial;\"><em><strong><small>Violet<\/small><\/strong><\/em><\/span><\/td>\n<\/tr>\n<tr>\n<td align=\"center\" valign=\"middle\" width=\"50\" height=\"10\"><strong><span style=\"font-family: Arial;\"><small>1994<\/small><\/span><\/strong><\/td>\n<td align=\"center\" valign=\"middle\" width=\"50\" height=\"10\"><strong><span style=\"font-family: Arial;\"><small>1995<\/small><\/span><\/strong><\/td>\n<td align=\"center\" valign=\"middle\" width=\"50\" height=\"10\"><strong><span style=\"font-family: Arial;\"><small>1996<\/small><\/span><\/strong><\/td>\n<td align=\"center\" valign=\"middle\" width=\"50\" height=\"10\"><strong><span style=\"font-family: Arial;\"><small>1997<\/small><\/span><\/strong><\/td>\n<td align=\"center\" valign=\"middle\" width=\"50\" height=\"10\"><strong><span style=\"font-family: Arial;\"><small>1998<\/small><\/span><\/strong><\/td>\n<td align=\"center\" valign=\"middle\" width=\"50\" height=\"10\"><strong><span style=\"font-family: Arial;\"><small>1999<\/small><\/span><\/strong><\/td>\n<td align=\"center\" valign=\"middle\" width=\"50\" height=\"10\">\n<p align=\"center\"><strong><span style=\"font-family: Arial;\"><small>2000<\/small><\/span><\/strong><\/p>\n<\/td>\n<td align=\"center\" valign=\"middle\" width=\"50\" height=\"10\"><strong><span style=\"font-family: Arial;\"><small>2001<\/small><\/span><\/strong><\/td>\n<td align=\"center\" valign=\"middle\" width=\"50\" height=\"10\"><strong><span style=\"font-family: Arial;\"><small>2002<\/small><\/span><\/strong><\/td>\n<td align=\"center\" valign=\"middle\" width=\"50\" height=\"10\"><strong><span style=\"font-family: Arial;\"><small>2003<\/small><\/span><\/strong>&nbsp;<\/td>\n<\/tr>\n<\/tbody>\n<\/table>\n<p>&nbsp;<\/p>\n<p>&nbsp;<\/p>\n<p><\/center><\/div>\n<p>Le mill\u00e9sime pour l&rsquo;historique de chaque corde en fonction du fabricant:<br \/>\nExemple ci dessous pour la marque BEAL, une couleur diff\u00e9rente pour chaque ann\u00e9e de fabrication.<br \/>\nLa couleur indique le dernier chiffre de l&rsquo;ann\u00e9e ( Rouge = 2002, 2012, etc ).<\/p>\n<div><\/div>\n<p><a href=\"http:\/\/4.bp.blogspot.com\/_no7qcyvV1w0\/TPv-cvxr8GI\/AAAAAAAAALQ\/AGEMkOoGsz8\/s1600\/Couleur.jpg\"><img loading=\"lazy\" decoding=\"async\" alt=\"\" src=\"http:\/\/4.bp.blogspot.com\/_no7qcyvV1w0\/TPv-cvxr8GI\/AAAAAAAAALQ\/AGEMkOoGsz8\/s400\/Couleur.jpg\" width=\"400\" height=\"151\" border=\"0\" \/><\/a><\/p>\n<p>Les <b>cordes de sp\u00e9l\u00e9ologie<\/b>, sont des <b>cordes statiques<\/b> utilis\u00e9es pour la descente au descendeur et la remont\u00e9e aux bloqueurs. Les <b>cordes de sp\u00e9l\u00e9ologie<\/b> sont r\u00e9sistantes \u00e0 l&rsquo;abrasion, et poss\u00e8dent des propri\u00e9t\u00e9s semi-dynamiques pour assurer la s\u00e9curit\u00e9 en cas de chute de facteur inf\u00e9rieur ou \u00e9gal \u00e0 un. Les <b>cordes statiques de sp\u00e9l\u00e9ologie<\/b> sont de couleur dominante blanche.<br \/>\nLa corde en polyamide (nylon) est constitu\u00e9e de l&rsquo;\u00e2me prot\u00e9g\u00e9e par la gaine. L&rsquo;\u00e2me repr\u00e9sente presque les 2\/3 de la r\u00e9sistance de la corde. La gaine r\u00e9sistante \u00e0 l&rsquo;abrasion assure le tiers restant.<br \/>\nLa corde poss\u00e8de \u00e0 l&rsquo;int\u00e9rieur de l&rsquo;\u00e2me un fil t\u00e9moin de couleur. Chaque couleur correspond \u00e0 l&rsquo;ann\u00e9e de fabrication, quel que soit le fabricant :<br \/>\n1984 : rouge<br \/>\n1985 : vert<br \/>\n1986 : bleu<br \/>\n1987 : noir<br \/>\n1988 : jaune<br \/>\n1989 : rose<br \/>\n1990 : violet<br \/>\n1991 : rouge<br \/>\n1992 : bleu<br \/>\n1993 : orange<br \/>\n1994 : vert<br \/>\n1995 : noir<br \/>\nAvant la premi\u00e8re utilisation, il faut laisser tremper la <b>corde <\/b>dans l&rsquo;eau pendant 24 heures pour \u00e9liminer les lubrifiants de fabrication. La faire s\u00e9cher lentement. La <b>corde <\/b>se r\u00e9tractera d&rsquo;environ 5%, ce qui r\u00e9duira le risque de glissement de la gaine sur l&rsquo;\u00e2me (l&rsquo;effet chaussette). Attention \u00e0 l&rsquo;usage de certaines marques dont les cordes peuvent r\u00e9tr\u00e9cir de 10 \u00e0 15%.<\/p>\n","protected":false},"excerpt":{"rendered":"<p>&nbsp; Afin de faciliter la datation d\u2019une corde, les fabricants ont inclus dans l\u2019\u00e2me des cordes, un fil rep\u00e8re de couleur, diff\u00e9rente chaque ann\u00e9e. Certains fabricants ont \u00e9galement inclus un ruban plastique int\u00e9gr\u00e9 \u00e0 l\u2019\u00e2me de la corde (\u2018\u2019infodex\u2019\u2019 ou &hellip; <a href=\"https:\/\/citrons.proth.net\/?page_id=203\">Continuer la lecture <span class=\"meta-nav\">&rarr;<\/span><\/a><\/p>\n","protected":false},"author":1,"featured_media":0,"parent":0,"menu_order":0,"comment_status":"open","ping_status":"closed","template":"","meta":{"footnotes":""},"class_list":["post-203","page","type-page","status-publish","hentry"],"_links":{"self":[{"href":"https:\/\/citrons.proth.net\/index.php?rest_route=\/wp\/v2\/pages\/203","targetHints":{"allow":["GET"]}}],"collection":[{"href":"https:\/\/citrons.proth.net\/index.php?rest_route=\/wp\/v2\/pages"}],"about":[{"href":"https:\/\/citrons.proth.net\/index.php?rest_route=\/wp\/v2\/types\/page"}],"author":[{"embeddable":true,"href":"https:\/\/citrons.proth.net\/index.php?rest_route=\/wp\/v2\/users\/1"}],"replies":[{"embeddable":true,"href":"https:\/\/citrons.proth.net\/index.php?rest_route=%2Fwp%2Fv2%2Fcomments&post=203"}],"version-history":[{"count":8,"href":"https:\/\/citrons.proth.net\/index.php?rest_route=\/wp\/v2\/pages\/203\/revisions"}],"predecessor-version":[{"id":2512,"href":"https:\/\/citrons.proth.net\/index.php?rest_route=\/wp\/v2\/pages\/203\/revisions\/2512"}],"wp:attachment":[{"href":"https:\/\/citrons.proth.net\/index.php?rest_route=%2Fwp%2Fv2%2Fmedia&parent=203"}],"curies":[{"name":"wp","href":"https:\/\/api.w.org\/{rel}","templated":true}]}}