{"id":1133,"date":"2017-01-01T10:18:39","date_gmt":"2017-01-01T08:18:39","guid":{"rendered":"http:\/\/citrons.proth.net\/?page_id=1133"},"modified":"2024-04-07T21:04:15","modified_gmt":"2024-04-07T19:04:15","slug":"annee-2016","status":"publish","type":"page","link":"https:\/\/citrons.proth.net\/?page_id=1133","title":{"rendered":"2016"},"content":{"rendered":"<p>Sorties 2016<\/p>\n<table>\n<tbody>\n<tr>\n<th>Date<\/th>\n<th>Lieux<\/th>\n<th>Participants<\/th>\n<th>TPST<\/th>\n<\/tr>\n<tr>\n<td><a href=\"http:\/\/citrons.proth.net\/?p=1013\" target=\"_blank\" rel=\"noopener\">10\/01\/206<\/a><\/td>\n<td>Gouffre du Lapin P\u00e9d\u00e9<\/td>\n<td>Jean Jacques, Michel, Fred, Arnaud, Patrice, Alexane<\/td>\n<td>9H<\/td>\n<\/tr>\n<tr>\n<td><a href=\"http:\/\/citrons.proth.net\/?p=1024\" target=\"_blank\" rel=\"noopener\">16\/02\/2016<\/a><\/td>\n<td>Le Golet du Tambourin<\/td>\n<td>Cyrille Mathon, Lionel Glauda, Arnaud Rufray, Patrice Roth, Giuseppe Giardina et Daniel Larrang.<\/td>\n<td>18H<\/td>\n<\/tr>\n<tr>\n<td><a href=\"http:\/\/citrons.proth.net\/?p=1049\" target=\"_blank\" rel=\"noopener\">26\/03\/2016<\/a><\/td>\n<td>Gouffre de la Vache Enrag\u00e9e<\/td>\n<td>Cyrille Mathon, Benoit Martineau, Th\u00e9ophile Cailhol, Seb P, Patrice Roth, Julie Siegel pour le portage<\/td>\n<td>16H00<\/td>\n<\/tr>\n<tr>\n<td>30\/04\/2016<\/td>\n<td>Saints de Glace<\/td>\n<td>Patrice,\u00a0 Alexane, &#8230;<\/td>\n<td>6H<\/td>\n<\/tr>\n<tr>\n<td><a href=\"http:\/\/citrons.proth.net\/?p=1075\" target=\"_blank\" rel=\"noopener\">08\/05\/2016<\/a><\/td>\n<td>Cuves de Sassenage<\/td>\n<td>Fred, Sam, Anne Marie, Paul, JJDJ, Alexane, Patrice, Copain de JJDJ<\/td>\n<td>??<\/td>\n<\/tr>\n<tr>\n<td><a href=\"http:\/\/citrons.proth.net\/?p=1066\" target=\"_blank\" rel=\"noopener\">25\/05\/2016<\/a><\/td>\n<td>La Laiti\u00e8re Mutante<\/td>\n<td>Patrice, Lionel<\/td>\n<td>5H<\/td>\n<\/tr>\n<tr>\n<td><a href=\"http:\/\/citrons.proth.net\/?p=1077\" target=\"_blank\" rel=\"noopener\">05\/06\/2016<\/a><\/td>\n<td>Journ\u00e9e initiation sp\u00e9l\u00e9o Saint AUPRE<\/td>\n<td>Tous<\/td>\n<td><\/td>\n<\/tr>\n<tr>\n<td><a href=\"http:\/\/http:\/\/citrons.proth.net\/?p=1099\" target=\"_blank\" rel=\"noopener\">30\/07\/2016<\/a><\/td>\n<td>Berger 2016<\/td>\n<td>Arnaud, Michel, Patrice<\/td>\n<td>19H<\/td>\n<\/tr>\n<tr>\n<td>10\/2016<\/td>\n<td>Stage MO PSM<\/td>\n<td>Patrice<\/td>\n<td>6j<\/td>\n<\/tr>\n<tr>\n<td><a href=\"http:\/\/citrons.proth.net\/?p=1146\" target=\"_blank\" rel=\"noopener\">26\/11\/2016<\/a><\/td>\n<td>Baume Bartade<\/td>\n<td>Lionel, Patrice<\/td>\n<td>3H<\/td>\n<\/tr>\n<tr>\n<td><a href=\"http:\/\/citrons.proth.net\/?p=1122\" target=\"_blank\" rel=\"noopener\">10\/12\/2016<\/a><\/td>\n<td>Exercice secours 3SI \u00e0 Gournier<\/td>\n<td>Patrice<\/td>\n<td>10H<\/td>\n<\/tr>\n<\/tbody>\n<\/table>\n","protected":false},"excerpt":{"rendered":"<p>Sorties 2016 Date Lieux Participants TPST 10\/01\/206 Gouffre du Lapin P\u00e9d\u00e9 Jean Jacques, Michel, Fred, Arnaud, Patrice, Alexane 9H 16\/02\/2016 Le Golet du Tambourin Cyrille Mathon, Lionel Glauda, Arnaud Rufray, Patrice Roth, Giuseppe Giardina et Daniel Larrang. 18H 26\/03\/2016 Gouffre &hellip; <a href=\"https:\/\/citrons.proth.net\/?page_id=1133\">Continuer la lecture <span class=\"meta-nav\">&rarr;<\/span><\/a><\/p>\n","protected":false},"author":1,"featured_media":0,"parent":0,"menu_order":0,"comment_status":"closed","ping_status":"closed","template":"","meta":{"footnotes":""},"class_list":["post-1133","page","type-page","status-publish","hentry"],"_links":{"self":[{"href":"https:\/\/citrons.proth.net\/index.php?rest_route=\/wp\/v2\/pages\/1133","targetHints":{"allow":["GET"]}}],"collection":[{"href":"https:\/\/citrons.proth.net\/index.php?rest_route=\/wp\/v2\/pages"}],"about":[{"href":"https:\/\/citrons.proth.net\/index.php?rest_route=\/wp\/v2\/types\/page"}],"author":[{"embeddable":true,"href":"https:\/\/citrons.proth.net\/index.php?rest_route=\/wp\/v2\/users\/1"}],"replies":[{"embeddable":true,"href":"https:\/\/citrons.proth.net\/index.php?rest_route=%2Fwp%2Fv2%2Fcomments&post=1133"}],"version-history":[{"count":13,"href":"https:\/\/citrons.proth.net\/index.php?rest_route=\/wp\/v2\/pages\/1133\/revisions"}],"predecessor-version":[{"id":2508,"href":"https:\/\/citrons.proth.net\/index.php?rest_route=\/wp\/v2\/pages\/1133\/revisions\/2508"}],"wp:attachment":[{"href":"https:\/\/citrons.proth.net\/index.php?rest_route=%2Fwp%2Fv2%2Fmedia&parent=1133"}],"curies":[{"name":"wp","href":"https:\/\/api.w.org\/{rel}","templated":true}]}}